{"id":1970,"date":"2022-07-16T09:08:53","date_gmt":"2022-07-16T07:08:53","guid":{"rendered":"https:\/\/ileradebu.com\/?post_type=product&#038;p=1970"},"modified":"2025-11-23T16:47:44","modified_gmt":"2025-11-23T15:47:44","slug":"lace-knitting-pattern-girl-uda-top","status":"publish","type":"product","link":"https:\/\/ileradebu.com\/en\/patron\/lace-knitting-pattern-girl-uda-top","title":{"rendered":"UDA TOP &#8211; DRESS"},"content":{"rendered":"<h2 data-start=\"81\" data-end=\"133\"><strong data-start=\"84\" data-end=\"133\">Uda \u2013 Knitting Pattern for a Girl\u2019s Dress\/Top<\/strong><\/h2>\n<p data-start=\"135\" data-end=\"388\">Looking for something a little different to knit for the little ones in your home?<br data-start=\"217\" data-end=\"220\" \/>Let me introduce <strong data-start=\"237\" data-end=\"244\">Uda<\/strong>, a knitted dress or top pattern for girls, featuring a delicate lace motif that you\u2019ll enjoy knitting just as much as they\u2019ll enjoy wearing it.<\/p>\n<p data-start=\"390\" data-end=\"786\">A versatile and adaptable design: within the same pattern, you\u2019ll find instructions to knit either a <strong data-start=\"491\" data-end=\"498\">top<\/strong> or continue working to create a <strong data-start=\"531\" data-end=\"540\">dress<\/strong>. The pattern includes <strong data-start=\"563\" data-end=\"576\">six sizes<\/strong>, from <strong data-start=\"583\" data-end=\"598\">6\u201312 months<\/strong> to <strong data-start=\"602\" data-end=\"614\">12 years<\/strong>, and you can choose your size either by age or chest width. Sometimes the little one\u2019s opinion is the best guide\u2026 my daughter loves dresses, especially the way they twirl.<\/p>\n<p data-start=\"788\" data-end=\"1004\">This pattern is part of the <strong data-start=\"816\" data-end=\"827\">Mini&amp;Me<\/strong> collection, which also includes an adult version. If you already own one of the two patterns, you\u2019ll find a code on the last page to purchase the other with a <strong data-start=\"987\" data-end=\"1003\">20% discount<\/strong>.<\/p>\n<h3 data-start=\"1006\" data-end=\"1052\">\ud83c\udf3f <strong data-start=\"1013\" data-end=\"1052\">A visual and easy-to-follow pattern<\/strong><\/h3>\n<p data-start=\"1054\" data-end=\"1287\">Uda is a highly visual pattern, fully charted by size:<br data-start=\"1108\" data-end=\"1111\" \/>you\u2019ll have the entire stitch chart for each size on a single page. There are no row-by-row written instructions\u2014just clear charts along with explanations for each stitch used.<\/p>\n<p data-start=\"1289\" data-end=\"1577\">The lace motif is created with increases and decreases on both right and wrong sides. For this reason, I recommend an <strong data-start=\"1407\" data-end=\"1438\">intermediate knitting level<\/strong>, so you can enjoy the process without frustration. If you\u2019re a complete beginner, this may not be the best project to start learning lace.<\/p>\n<h3 data-start=\"1579\" data-end=\"1613\">\ud83e\uddf6 <strong data-start=\"1586\" data-end=\"1613\">Edited and test-knitted<\/strong><\/h3>\n<p data-start=\"1615\" data-end=\"1800\">Like all my designs, Uda has been <strong data-start=\"1649\" data-end=\"1671\">technically edited<\/strong> and <strong data-start=\"1676\" data-end=\"1712\">test-knitted by several knitters<\/strong> across different sizes to ensure the instructions flow smoothly and are easy to follow.<\/p>\n<p data-start=\"1802\" data-end=\"1906\">For more information, check the tabs above with construction notes, prerequisites, materials, and gauge.<\/p>\n<p data-start=\"1908\" data-end=\"1967\">\u2728 <strong data-start=\"1910\" data-end=\"1967\">Wishing you a beautiful knitting experience with Uda.<\/strong><\/p>\n<p data-start=\"1969\" data-end=\"2057\">If you\u2019d like to purchase the girl\u2019s knitted dress pattern <strong data-start=\"2028\" data-end=\"2036\">#Uda<\/strong>, you can do so here:<\/p>\n","protected":false},"excerpt":{"rendered":"<p><strong>Inspiration<\/strong><br \/>\nWhen we play with lacework, we create textures reminiscent of lace from other eras. Summer allows dresses to be worn with lacework creating unique and timeless garments that stand out in the closets of the little ones.<\/p>\n<p><strong>Sizes<\/strong><\/p>\n<p>(6-12 months, 12-18 months, 2y, 4y)(6y, 8y, 10y, 12y)<\/p>\n<p>See the tabs below for more information on construction notes, level of difficulty, prerequisites, materials and gauge.<\/p>\n<div id=\"gtx-trans\" style=\"position: absolute; left: 654px; top: 89px;\">\n<div class=\"gtx-trans-icon\"><\/div>\n<\/div>\n","protected":false},"featured_media":1982,"comment_status":"open","ping_status":"closed","template":"","meta":{"_uag_custom_page_level_css":"","site-sidebar-layout":"default","site-content-layout":"default","ast-site-content-layout":"default","site-content-style":"default","site-sidebar-style":"default","ast-global-header-display":"","ast-banner-title-visibility":"","ast-main-header-display":"","ast-hfb-above-header-display":"","ast-hfb-below-header-display":"","ast-hfb-mobile-header-display":"","site-post-title":"","ast-breadcrumbs-content":"","ast-featured-img":"","footer-sml-layout":"","theme-transparent-header-meta":"default","adv-header-id-meta":"","stick-header-meta":"default","header-above-stick-meta":"","header-main-stick-meta":"","header-below-stick-meta":"","astra-migrate-meta-layouts":"set","ast-page-background-enabled":"default","ast-page-background-meta":{"desktop":{"background-color":"var(--ast-global-color-4)","background-image":"","background-repeat":"repeat","background-position":"center center","background-size":"auto","background-attachment":"scroll","background-type":"","background-media":"","overlay-type":"","overlay-color":"","overlay-opacity":"","overlay-gradient":""},"tablet":{"background-color":"","background-image":"","background-repeat":"repeat","background-position":"center center","background-size":"auto","background-attachment":"scroll","background-type":"","background-media":"","overlay-type":"","overlay-color":"","overlay-opacity":"","overlay-gradient":""},"mobile":{"background-color":"","background-image":"","background-repeat":"repeat","background-position":"center center","background-size":"auto","background-attachment":"scroll","background-type":"","background-media":"","overlay-type":"","overlay-color":"","overlay-opacity":"","overlay-gradient":""}},"ast-content-background-meta":{"desktop":{"background-color":"var(--ast-global-color-5)","background-image":"","background-repeat":"repeat","background-position":"center center","background-size":"auto","background-attachment":"scroll","background-type":"","background-media":"","overlay-type":"","overlay-color":"","overlay-opacity":"","overlay-gradient":""},"tablet":{"background-color":"var(--ast-global-color-5)","background-image":"","background-repeat":"repeat","background-position":"center center","background-size":"auto","background-attachment":"scroll","background-type":"","background-media":"","overlay-type":"","overlay-color":"","overlay-opacity":"","overlay-gradient":""},"mobile":{"background-color":"var(--ast-global-color-5)","background-image":"","background-repeat":"repeat","background-position":"center center","background-size":"auto","background-attachment":"scroll","background-type":"","background-media":"","overlay-type":"","overlay-color":"","overlay-opacity":"","overlay-gradient":""}}},"product_brand":[],"product_cat":[52,313,51,312],"product_tag":[291,290,283,289],"class_list":{"0":"post-1970","1":"product","2":"type-product","3":"status-publish","4":"has-post-thumbnail","6":"product_cat-children","7":"product_cat-dress","8":"product_cat-mini-and-me-en","9":"product_cat-tops-en-2","10":"product_tag-bobble","11":"product_tag-bottom-up","12":"product_tag-lace","13":"product_tag-tejido-desde-abajo","14":"desktop-align-center","15":"tablet-align-left","16":"mobile-align-left","17":"ast-product-gallery-layout-horizontal","18":"ast-product-tabs-layout-horizontal","19":"ast-qv-on-image","21":"first","22":"instock","23":"downloadable","24":"virtual","25":"sold-individually","26":"purchasable","27":"product-type-simple"},"yoast_head":"<!-- This site is optimized with the Yoast SEO plugin v27.0 - https:\/\/yoast.com\/product\/yoast-seo-wordpress\/ -->\n<title>Lace knitting pattern girl - ileradebu<\/title>\n<meta name=\"description\" content=\"Lace knitting pattern for girl. Decide if you want to knit a top, a dress or both. Lace work with charted diagramms for each size.\" \/>\n<meta name=\"robots\" content=\"index, follow, max-snippet:-1, max-image-preview:large, max-video-preview:-1\" \/>\n<link rel=\"canonical\" href=\"https:\/\/ileradebu.com\/en\/patron\/lace-knitting-pattern-girl-uda-top\" \/>\n<meta property=\"og:locale\" content=\"en_US\" \/>\n<meta property=\"og:type\" content=\"article\" \/>\n<meta property=\"og:title\" content=\"Lace knitting pattern girl - ileradebu\" \/>\n<meta property=\"og:description\" content=\"Lace knitting pattern for girl. Decide if you want to knit a top, a dress or both. Lace work with charted diagramms for each size.\" \/>\n<meta property=\"og:url\" content=\"https:\/\/ileradebu.com\/en\/patron\/lace-knitting-pattern-girl-uda-top\" \/>\n<meta property=\"og:site_name\" content=\"ileradebu\" \/>\n<meta property=\"article:modified_time\" content=\"2025-11-23T15:47:44+00:00\" \/>\n<meta property=\"og:image\" content=\"https:\/\/ileradebu.com\/wp-content\/uploads\/knitting_top_lace_uda_pattern_5-scaled.jpeg\" \/>\n\t<meta property=\"og:image:width\" content=\"1920\" \/>\n\t<meta property=\"og:image:height\" content=\"2560\" \/>\n\t<meta property=\"og:image:type\" content=\"image\/jpeg\" \/>\n<meta name=\"twitter:card\" content=\"summary_large_image\" \/>\n<meta name=\"twitter:label1\" content=\"Est. reading time\" \/>\n\t<meta name=\"twitter:data1\" content=\"2 minutes\" \/>\n<script type=\"application\/ld+json\" class=\"yoast-schema-graph\">{\"@context\":\"https:\/\/schema.org\",\"@graph\":[{\"@type\":\"WebPage\",\"@id\":\"https:\/\/ileradebu.com\/en\/patron\/lace-knitting-pattern-girl-uda-top\",\"url\":\"https:\/\/ileradebu.com\/en\/patron\/lace-knitting-pattern-girl-uda-top\",\"name\":\"Lace knitting pattern girl - ileradebu\",\"isPartOf\":{\"@id\":\"https:\/\/silver-kangaroo-600317.hostingersite.com\/#website\"},\"primaryImageOfPage\":{\"@id\":\"https:\/\/ileradebu.com\/en\/patron\/lace-knitting-pattern-girl-uda-top#primaryimage\"},\"image\":{\"@id\":\"https:\/\/ileradebu.com\/en\/patron\/lace-knitting-pattern-girl-uda-top#primaryimage\"},\"thumbnailUrl\":\"https:\/\/ileradebu.com\/wp-content\/uploads\/knitting_top_lace_uda_pattern_5-scaled.jpeg\",\"datePublished\":\"2022-07-16T07:08:53+00:00\",\"dateModified\":\"2025-11-23T15:47:44+00:00\",\"description\":\"Lace knitting pattern for girl. Decide if you want to knit a top, a dress or both. Lace work with charted diagramms for each size.\",\"breadcrumb\":{\"@id\":\"https:\/\/ileradebu.com\/en\/patron\/lace-knitting-pattern-girl-uda-top#breadcrumb\"},\"inLanguage\":\"en-US\",\"potentialAction\":[{\"@type\":\"ReadAction\",\"target\":[\"https:\/\/ileradebu.com\/en\/patron\/lace-knitting-pattern-girl-uda-top\"]}]},{\"@type\":\"ImageObject\",\"inLanguage\":\"en-US\",\"@id\":\"https:\/\/ileradebu.com\/en\/patron\/lace-knitting-pattern-girl-uda-top#primaryimage\",\"url\":\"https:\/\/ileradebu.com\/wp-content\/uploads\/knitting_top_lace_uda_pattern_5-scaled.jpeg\",\"contentUrl\":\"https:\/\/ileradebu.com\/wp-content\/uploads\/knitting_top_lace_uda_pattern_5-scaled.jpeg\",\"width\":1920,\"height\":2560,\"caption\":\"Patr\u00f3n vestido punto ni\u00f1a Mini&Me punto colecci\u00f3n collection\"},{\"@type\":\"BreadcrumbList\",\"@id\":\"https:\/\/ileradebu.com\/en\/patron\/lace-knitting-pattern-girl-uda-top#breadcrumb\",\"itemListElement\":[{\"@type\":\"ListItem\",\"position\":1,\"name\":\"Portada\",\"item\":\"https:\/\/ileradebu.com\/en\"},{\"@type\":\"ListItem\",\"position\":2,\"name\":\"Patrones\",\"item\":\"https:\/\/silver-kangaroo-600317.hostingersite.com\/patrones\"},{\"@type\":\"ListItem\",\"position\":3,\"name\":\"UDA TOP &#8211; DRESS\"}]},{\"@type\":\"WebSite\",\"@id\":\"https:\/\/silver-kangaroo-600317.hostingersite.com\/#website\",\"url\":\"https:\/\/silver-kangaroo-600317.hostingersite.com\/\",\"name\":\"ileradebu\",\"description\":\"Divierteje - Knit fun &amp; Have fun\",\"publisher\":{\"@id\":\"https:\/\/silver-kangaroo-600317.hostingersite.com\/#organization\"},\"potentialAction\":[{\"@type\":\"SearchAction\",\"target\":{\"@type\":\"EntryPoint\",\"urlTemplate\":\"https:\/\/silver-kangaroo-600317.hostingersite.com\/?s={search_term_string}\"},\"query-input\":{\"@type\":\"PropertyValueSpecification\",\"valueRequired\":true,\"valueName\":\"search_term_string\"}}],\"inLanguage\":\"en-US\"},{\"@type\":\"Organization\",\"@id\":\"https:\/\/silver-kangaroo-600317.hostingersite.com\/#organization\",\"name\":\"ileradebu\",\"url\":\"https:\/\/silver-kangaroo-600317.hostingersite.com\/\",\"logo\":{\"@type\":\"ImageObject\",\"inLanguage\":\"en-US\",\"@id\":\"https:\/\/silver-kangaroo-600317.hostingersite.com\/#\/schema\/logo\/image\/\",\"url\":\"https:\/\/ileradebu.com\/wp-content\/uploads\/2021\/12\/ileradebu-logo.png\",\"contentUrl\":\"https:\/\/ileradebu.com\/wp-content\/uploads\/2021\/12\/ileradebu-logo.png\",\"width\":180,\"height\":80,\"caption\":\"ileradebu\"},\"image\":{\"@id\":\"https:\/\/silver-kangaroo-600317.hostingersite.com\/#\/schema\/logo\/image\/\"}}]}<\/script>\n<!-- \/ Yoast SEO plugin. -->","yoast_head_json":{"title":"Lace knitting pattern girl - ileradebu","description":"Lace knitting pattern for girl. Decide if you want to knit a top, a dress or both. Lace work with charted diagramms for each size.","robots":{"index":"index","follow":"follow","max-snippet":"max-snippet:-1","max-image-preview":"max-image-preview:large","max-video-preview":"max-video-preview:-1"},"canonical":"https:\/\/ileradebu.com\/en\/patron\/lace-knitting-pattern-girl-uda-top","og_locale":"en_US","og_type":"article","og_title":"Lace knitting pattern girl - ileradebu","og_description":"Lace knitting pattern for girl. Decide if you want to knit a top, a dress or both. Lace work with charted diagramms for each size.","og_url":"https:\/\/ileradebu.com\/en\/patron\/lace-knitting-pattern-girl-uda-top","og_site_name":"ileradebu","article_modified_time":"2025-11-23T15:47:44+00:00","og_image":[{"width":1920,"height":2560,"url":"https:\/\/ileradebu.com\/wp-content\/uploads\/knitting_top_lace_uda_pattern_5-scaled.jpeg","type":"image\/jpeg"}],"twitter_card":"summary_large_image","twitter_misc":{"Est. reading time":"2 minutes"},"schema":{"@context":"https:\/\/schema.org","@graph":[{"@type":"WebPage","@id":"https:\/\/ileradebu.com\/en\/patron\/lace-knitting-pattern-girl-uda-top","url":"https:\/\/ileradebu.com\/en\/patron\/lace-knitting-pattern-girl-uda-top","name":"Lace knitting pattern girl - ileradebu","isPartOf":{"@id":"https:\/\/silver-kangaroo-600317.hostingersite.com\/#website"},"primaryImageOfPage":{"@id":"https:\/\/ileradebu.com\/en\/patron\/lace-knitting-pattern-girl-uda-top#primaryimage"},"image":{"@id":"https:\/\/ileradebu.com\/en\/patron\/lace-knitting-pattern-girl-uda-top#primaryimage"},"thumbnailUrl":"https:\/\/ileradebu.com\/wp-content\/uploads\/knitting_top_lace_uda_pattern_5-scaled.jpeg","datePublished":"2022-07-16T07:08:53+00:00","dateModified":"2025-11-23T15:47:44+00:00","description":"Lace knitting pattern for girl. Decide if you want to knit a top, a dress or both. Lace work with charted diagramms for each size.","breadcrumb":{"@id":"https:\/\/ileradebu.com\/en\/patron\/lace-knitting-pattern-girl-uda-top#breadcrumb"},"inLanguage":"en-US","potentialAction":[{"@type":"ReadAction","target":["https:\/\/ileradebu.com\/en\/patron\/lace-knitting-pattern-girl-uda-top"]}]},{"@type":"ImageObject","inLanguage":"en-US","@id":"https:\/\/ileradebu.com\/en\/patron\/lace-knitting-pattern-girl-uda-top#primaryimage","url":"https:\/\/ileradebu.com\/wp-content\/uploads\/knitting_top_lace_uda_pattern_5-scaled.jpeg","contentUrl":"https:\/\/ileradebu.com\/wp-content\/uploads\/knitting_top_lace_uda_pattern_5-scaled.jpeg","width":1920,"height":2560,"caption":"Patr\u00f3n vestido punto ni\u00f1a Mini&Me punto colecci\u00f3n collection"},{"@type":"BreadcrumbList","@id":"https:\/\/ileradebu.com\/en\/patron\/lace-knitting-pattern-girl-uda-top#breadcrumb","itemListElement":[{"@type":"ListItem","position":1,"name":"Portada","item":"https:\/\/ileradebu.com\/en"},{"@type":"ListItem","position":2,"name":"Patrones","item":"https:\/\/silver-kangaroo-600317.hostingersite.com\/patrones"},{"@type":"ListItem","position":3,"name":"UDA TOP &#8211; DRESS"}]},{"@type":"WebSite","@id":"https:\/\/silver-kangaroo-600317.hostingersite.com\/#website","url":"https:\/\/silver-kangaroo-600317.hostingersite.com\/","name":"ileradebu","description":"Divierteje - Knit fun &amp; Have fun","publisher":{"@id":"https:\/\/silver-kangaroo-600317.hostingersite.com\/#organization"},"potentialAction":[{"@type":"SearchAction","target":{"@type":"EntryPoint","urlTemplate":"https:\/\/silver-kangaroo-600317.hostingersite.com\/?s={search_term_string}"},"query-input":{"@type":"PropertyValueSpecification","valueRequired":true,"valueName":"search_term_string"}}],"inLanguage":"en-US"},{"@type":"Organization","@id":"https:\/\/silver-kangaroo-600317.hostingersite.com\/#organization","name":"ileradebu","url":"https:\/\/silver-kangaroo-600317.hostingersite.com\/","logo":{"@type":"ImageObject","inLanguage":"en-US","@id":"https:\/\/silver-kangaroo-600317.hostingersite.com\/#\/schema\/logo\/image\/","url":"https:\/\/ileradebu.com\/wp-content\/uploads\/2021\/12\/ileradebu-logo.png","contentUrl":"https:\/\/ileradebu.com\/wp-content\/uploads\/2021\/12\/ileradebu-logo.png","width":180,"height":80,"caption":"ileradebu"},"image":{"@id":"https:\/\/silver-kangaroo-600317.hostingersite.com\/#\/schema\/logo\/image\/"}}]}},"uagb_featured_image_src":{"full":["https:\/\/ileradebu.com\/wp-content\/uploads\/knitting_top_lace_uda_pattern_5-scaled.jpeg",1920,2560,false],"thumbnail":["https:\/\/ileradebu.com\/wp-content\/uploads\/knitting_top_lace_uda_pattern_5-150x150.jpeg",150,150,true],"medium":["https:\/\/ileradebu.com\/wp-content\/uploads\/knitting_top_lace_uda_pattern_5-225x300.jpeg",225,300,true],"medium_large":["https:\/\/ileradebu.com\/wp-content\/uploads\/knitting_top_lace_uda_pattern_5-768x1024.jpeg",768,1024,true],"large":["https:\/\/ileradebu.com\/wp-content\/uploads\/knitting_top_lace_uda_pattern_5-768x1024.jpeg",768,1024,true],"1536x1536":["https:\/\/ileradebu.com\/wp-content\/uploads\/knitting_top_lace_uda_pattern_5-1152x1536.jpeg",1152,1536,true],"2048x2048":["https:\/\/ileradebu.com\/wp-content\/uploads\/knitting_top_lace_uda_pattern_5-1536x2048.jpeg",1536,2048,true],"mailpoet_newsletter_max":["https:\/\/ileradebu.com\/wp-content\/uploads\/knitting_top_lace_uda_pattern_5-1320x1760.jpeg",1320,1760,true],"woocommerce_thumbnail":["https:\/\/ileradebu.com\/wp-content\/uploads\/knitting_top_lace_uda_pattern_5-scaled-800x800.jpeg",800,800,true],"woocommerce_single":["https:\/\/ileradebu.com\/wp-content\/uploads\/knitting_top_lace_uda_pattern_5-800x1066.jpeg",800,1066,true],"woocommerce_gallery_thumbnail":["https:\/\/ileradebu.com\/wp-content\/uploads\/knitting_top_lace_uda_pattern_5-scaled-100x100.jpeg",100,100,true]},"uagb_author_info":{"display_name":"Ileradebu","author_link":"https:\/\/ileradebu.com\/en\/author"},"uagb_comment_info":0,"uagb_excerpt":"Inspiration When we play with lacework, we create textures reminiscent of lace from other eras. Summer allows dresses to be worn with lacework creating unique and timeless garments that stand out in the closets of the little ones. Sizes (6-12 months, 12-18 months, 2y, 4y)(6y, 8y, 10y, 12y) See the tabs below for more information&hellip;","_links":{"self":[{"href":"https:\/\/ileradebu.com\/en\/wp-json\/wp\/v2\/product\/1970","targetHints":{"allow":["GET"]}}],"collection":[{"href":"https:\/\/ileradebu.com\/en\/wp-json\/wp\/v2\/product"}],"about":[{"href":"https:\/\/ileradebu.com\/en\/wp-json\/wp\/v2\/types\/product"}],"replies":[{"embeddable":true,"href":"https:\/\/ileradebu.com\/en\/wp-json\/wp\/v2\/comments?post=1970"}],"wp:featuredmedia":[{"embeddable":true,"href":"https:\/\/ileradebu.com\/en\/wp-json\/wp\/v2\/media\/1982"}],"wp:attachment":[{"href":"https:\/\/ileradebu.com\/en\/wp-json\/wp\/v2\/media?parent=1970"}],"wp:term":[{"taxonomy":"product_brand","embeddable":true,"href":"https:\/\/ileradebu.com\/en\/wp-json\/wp\/v2\/product_brand?post=1970"},{"taxonomy":"product_cat","embeddable":true,"href":"https:\/\/ileradebu.com\/en\/wp-json\/wp\/v2\/product_cat?post=1970"},{"taxonomy":"product_tag","embeddable":true,"href":"https:\/\/ileradebu.com\/en\/wp-json\/wp\/v2\/product_tag?post=1970"}],"curies":[{"name":"wp","href":"https:\/\/api.w.org\/{rel}","templated":true}]}}